{"id":5171,"date":"2023-06-14T10:31:08","date_gmt":"2023-06-14T10:31:08","guid":{"rendered":"https:\/\/v-skin.pet\/terms-of-use\/"},"modified":"2024-08-05T10:30:43","modified_gmt":"2024-08-05T10:30:43","slug":"regulamin-korzystania","status":"publish","type":"page","link":"https:\/\/v-skin.pet\/pl\/regulamin-korzystania\/","title":{"rendered":"Regulamin korzystania"},"content":{"rendered":"\t\t<div data-elementor-type=\"wp-page\" data-elementor-id=\"5171\" class=\"elementor elementor-5171 elementor-108\" data-elementor-post-type=\"page\">\n\t\t\t\t\t\t<section class=\"elementor-section elementor-top-section elementor-element elementor-element-2611117 elementor-section-boxed elementor-section-height-default elementor-section-height-default\" data-id=\"2611117\" data-element_type=\"section\">\n\t\t\t\t\t\t<div class=\"elementor-container elementor-column-gap-default\">\n\t\t\t\t\t<div class=\"elementor-column elementor-col-100 elementor-top-column elementor-element elementor-element-abad24d\" data-id=\"abad24d\" data-element_type=\"column\">\n\t\t\t<div class=\"elementor-widget-wrap elementor-element-populated\">\n\t\t\t\t\t\t<div class=\"elementor-element elementor-element-e5b81b4 elementor-widget elementor-widget-text-editor\" data-id=\"e5b81b4\" data-element_type=\"widget\" data-widget_type=\"text-editor.default\">\n\t\t\t\t<div class=\"elementor-widget-container\">\n\t\t\t\t\t\t\t\t\t<p><span style=\"color: #72706e; font-family: Arial, sans-serif;\">Wszystkie tre\u015bci s\u0105 starannie sprawdzane i opracowywane zgodnie z nasz\u0105 najlepsz\u0105 wiedz\u0105 i przekonaniem. Staramy si\u0119 stale poszerza\u0107 i aktualizowa\u0107 t\u0119 ofert\u0119 informacyjn\u0105. Nie mo\u017cemy jednak zagwarantowa\u0107, \u017ce s\u0105 one kompletne, dok\u0142adne i aktualne. Na przyk\u0142ad nie mo\u017cemy ponosi\u0107 odpowiedzialno\u015bci za powodzenie upraw, poniewa\u017c zale\u017cy ono r\u00f3wnie\u017c od czynnik\u00f3w, kt\u00f3rych nie da si\u0119 kontrolowa\u0107, a kt\u00f3re nie maj\u0105 nic wsp\u00f3lnego z jako\u015bci\u0105 odmian. LIVISTO Group GmbH nie ponosi odpowiedzialno\u015bci za straty lub szkody powsta\u0142e w zwi\u0105zku z korzystaniem z tre\u015bci naszych stron internetowych. LIVISTO Group GmbH nie ponosi \u017cadnej odpowiedzialno\u015bci za szkody po\u015brednie, materialne lub niematerialne, szkody nast\u0119pcze wynikaj\u0105ce z wad lub utraconego zysku, powsta\u0142e w wyniku wykorzystania lub niewykorzystania przedstawionych informacji lub zawartego w nich oprogramowania. Wszystkie oferty mog\u0105 ulec zmianie i s\u0105 niewi\u0105\u017c\u0105ce. LIVISTO Group GmbH zastrzega sobie wyra\u017anie prawo do zmiany, uzupe\u0142nienia lub usuni\u0119cia cz\u0119\u015bci stron lub ca\u0142ej oferty, a tak\u017ce do czasowego lub ostatecznego zaprzestania publikacji, bez wydawania odr\u0119bnego powiadomienia.<\/span><\/p><h3 style=\"margin-top: 2rem; font-size: 22px;\">Zawarto\u015b\u0107 oferty online<\/h3><p><span style=\"color: #72706e; font-family: Arial, sans-serif;\">Wszystkie tre\u015bci s\u0105 starannie sprawdzane i opracowywane zgodnie z nasz\u0105 najlepsz\u0105 wiedz\u0105 i przekonaniem. Staramy si\u0119 stale poszerza\u0107 i aktualizowa\u0107 t\u0119 ofert\u0119 informacyjn\u0105. Nie mo\u017cemy jednak zagwarantowa\u0107, \u017ce jest ona kompletna, dok\u0142adna i aktualna. Na przyk\u0142ad nie mo\u017cemy ponosi\u0107 odpowiedzialno\u015bci za powodzenie upraw, poniewa\u017c zale\u017cy ono r\u00f3wnie\u017c od czynnik\u00f3w, kt\u00f3rych nie da si\u0119 kontrolowa\u0107, a kt\u00f3re nie maj\u0105 nic wsp\u00f3lnego z jako\u015bci\u0105 odmian. LIVISTO Group GmbH nie ponosi odpowiedzialno\u015bci za straty lub szkody powsta\u0142e w zwi\u0105zku z korzystaniem z tre\u015bci naszych stron internetowych. LIVISTO Group GmbH nie ponosi \u017cadnej odpowiedzialno\u015bci za szkody po\u015brednie, materialne lub niematerialne, szkody nast\u0119pcze wynikaj\u0105ce z wad lub utraconego zysku, powsta\u0142e w wyniku wykorzystania lub niewykorzystania przedstawionych informacji lub zawartego w nich oprogramowania. Wszystkie oferty mog\u0105 ulec zmianie i s\u0105 niewi\u0105\u017c\u0105ce. LIVISTO Group GmbH wyra\u017anie zastrzega sobie prawo do zmiany, uzupe\u0142nienia lub usuni\u0119cia cz\u0119\u015bci stron lub ca\u0142ej oferty, a tak\u017ce do czasowego lub ostatecznego zaprzestania publikacji, bez wydawania odr\u0119bnego powiadomienia.<\/span><\/p><h3 style=\"margin-top: 2rem; font-size: 22px;\">Prawa autorskie<\/h3><p><span style=\"color: #72706e; font-family: Arial, sans-serif;\">Zawarto\u015b\u0107 strony internetowej LIVISTO Group GmbH jest chroniona prawem autorskim. Wszelkie prawa zastrze\u017cone. Prawa autorskie do opublikowanych obiekt\u00f3w stworzonych przez sam\u0105 firm\u0119 LIVISTO Group GmbH pozostaj\u0105 wy\u0142\u0105cznie w posiadaniu LIVISTO Group GmbH. Powielanie lub wykorzystywanie takich grafik, dokument\u00f3w d\u017awi\u0119kowych, sekwencji wideo i tekst\u00f3w w innych publikacjach elektronicznych lub drukowanych bez wyra\u017anej zgody LIVISTO Group GmbH jest zabronione. We wszystkich publikacjach LIVISTO Group GmbH stara si\u0119 przestrzega\u0107 praw autorskich u\u017cytych grafik, dokument\u00f3w d\u017awi\u0119kowych, sekwencji wideo i tekst\u00f3w, wykorzystywa\u0107 w\u0142asne grafiki, dokumenty d\u017awi\u0119kowe, sekwencje wideo i teksty lub stosowa\u0107 grafiki, dokumenty d\u017awi\u0119kowe, sekwencje wideo i teksty wolne od op\u0142at licencyjnych. Wszystkie wymienione w naszej ofercie internetowej i ewentualnie chronione przez osoby trzecie znaki towarowe i marki, nazwy handlowe i nazwy rodzajowe podlegaj\u0105 w ca\u0142o\u015bci przepisom obowi\u0105zuj\u0105cego prawa o znakach towarowych i pokrewnych oraz prawom w\u0142asno\u015bci zarejestrowanych w\u0142a\u015bcicieli. Z faktu, \u017ce znaki towarowe s\u0105 jedynie wymienione, nie nale\u017cy wyci\u0105ga\u0107 wniosku, \u017ce nie s\u0105 one chronione prawami os\u00f3b trzecich!<\/span><\/p><h3 style=\"margin-top: 2rem; font-size: 22px;\">Twoja prywatno\u015b\u0107 i ochrona Twoich danych osobowych<\/h3><p><span style=\"color: #72706e; font-family: Arial, sans-serif;\">Pa\u0144stwa zadowolenie jest dla LIVISTO Group GmbH priorytetem. W zwi\u0105zku z tym uwa\u017camy r\u00f3wnie\u017c za nasz obowi\u0105zek ochron\u0119 Pa\u0144stwa danych osobowych, kt\u00f3re gromadzimy. Informacje, kt\u00f3re gromadzimy na Pa\u0144stwa temat wykorzystujemy wy\u0142\u0105cznie w celach operacyjnych, tzn. g\u0142\u00f3wnie po to, aby umo\u017cliwi\u0107 Pa\u0144stwu korzystanie z naszej oferty w spos\u00f3b bardziej wygodny i ukierunkowany. LIVISTO Group GmbH nie udost\u0119pnia Pa\u0144stwa danych osobowych osobom trzecim spoza firmy do wykorzystania. \u015acis\u0142e przestrzeganie poufno\u015bci Pa\u0144stwa danych jest dla nas spraw\u0105 oczywist\u0105.<\/span><\/p><h3 style=\"margin-top: 2rem; font-size: 22px;\">Wa\u017cno\u015b\u0107 niniejszego wy\u0142\u0105czenia odpowiedzialno\u015bci<\/h3><p><span style=\"color: #72706e; font-family: Arial, sans-serif;\">Niniejsze wy\u0142\u0105czenie odpowiedzialno\u015bci nale\u017cy traktowa\u0107 jako cz\u0119\u015b\u0107 oferty internetowej, z kt\u00f3rej zostali Pa\u0144stwo skierowani na t\u0119 stron\u0119. Je\u017celi cz\u0119\u015bci tego tekstu lub poszczeg\u00f3lne jego sformu\u0142owania nie s\u0105 zgodne, przesta\u0142y by\u0107 zgodne lub nie s\u0105 w pe\u0142ni zgodne z obowi\u0105zuj\u0105cym stanem prawnym, nie ma to wp\u0142ywu na tre\u015b\u0107 i wa\u017cno\u015b\u0107 pozosta\u0142ych cz\u0119\u015bci dokumentu.<\/span><\/p>\t\t\t\t\t\t\t\t<\/div>\n\t\t\t\t<\/div>\n\t\t\t\t\t<\/div>\n\t\t<\/div>\n\t\t\t\t\t<\/div>\n\t\t<\/section>\n\t\t\t\t<\/div>\n\t\t","protected":false},"excerpt":{"rendered":"<p>Wszystkie tre\u015bci s\u0105 starannie sprawdzane i opracowywane zgodnie z nasz\u0105 najlepsz\u0105 wiedz\u0105 i przekonaniem. Staramy si\u0119 stale poszerza\u0107 i aktualizowa\u0107 t\u0119 ofert\u0119 informacyjn\u0105. Nie mo\u017cemy jednak zagwarantowa\u0107, \u017ce s\u0105 one kompletne, dok\u0142adne i aktualne. Na przyk\u0142ad nie mo\u017cemy ponosi\u0107 odpowiedzialno\u015bci za powodzenie upraw, poniewa\u017c zale\u017cy ono r\u00f3wnie\u017c od czynnik\u00f3w, kt\u00f3rych nie da si\u0119 kontrolowa\u0107, a [&hellip;]<\/p>\n","protected":false},"author":1,"featured_media":0,"parent":0,"menu_order":90,"comment_status":"closed","ping_status":"closed","template":"page-legal.php","meta":{"inline_featured_image":false,"footnotes":""},"class_list":["post-5171","page","type-page","status-publish","hentry"],"acf":[],"yoast_head":"<!-- This site is optimized with the Yoast SEO plugin v24.3 - https:\/\/yoast.com\/wordpress\/plugins\/seo\/ -->\n<title>Regulamin korzystania - V-SKIN<\/title>\n<meta name=\"robots\" content=\"noindex, nofollow\" \/>\n<meta property=\"og:locale\" content=\"pl_PL\" \/>\n<meta property=\"og:type\" content=\"article\" \/>\n<meta property=\"og:title\" content=\"Regulamin korzystania - V-SKIN\" \/>\n<meta property=\"og:description\" content=\"Wszystkie tre\u015bci s\u0105 starannie sprawdzane i opracowywane zgodnie z nasz\u0105 najlepsz\u0105 wiedz\u0105 i przekonaniem. Staramy si\u0119 stale poszerza\u0107 i aktualizowa\u0107 t\u0119 ofert\u0119 informacyjn\u0105. Nie mo\u017cemy jednak zagwarantowa\u0107, \u017ce s\u0105 one kompletne, dok\u0142adne i aktualne. Na przyk\u0142ad nie mo\u017cemy ponosi\u0107 odpowiedzialno\u015bci za powodzenie upraw, poniewa\u017c zale\u017cy ono r\u00f3wnie\u017c od czynnik\u00f3w, kt\u00f3rych nie da si\u0119 kontrolowa\u0107, a [&hellip;]\" \/>\n<meta property=\"og:url\" content=\"https:\/\/v-skin.pet\/pl\/regulamin-korzystania\/\" \/>\n<meta property=\"og:site_name\" content=\"V-SKIN\" \/>\n<meta property=\"article:modified_time\" content=\"2024-08-05T10:30:43+00:00\" \/>\n<meta name=\"twitter:card\" content=\"summary_large_image\" \/>\n<meta name=\"twitter:label1\" content=\"Szacowany czas czytania\" \/>\n\t<meta name=\"twitter:data1\" content=\"3 minuty\" \/>\n<script type=\"application\/ld+json\" class=\"yoast-schema-graph\">{\"@context\":\"https:\/\/schema.org\",\"@graph\":[{\"@type\":\"WebPage\",\"@id\":\"https:\/\/v-skin.pet\/pl\/regulamin-korzystania\/\",\"url\":\"https:\/\/v-skin.pet\/pl\/regulamin-korzystania\/\",\"name\":\"Regulamin korzystania - V-SKIN\",\"isPartOf\":{\"@id\":\"https:\/\/v-skin.pet\/pl\/#website\"},\"datePublished\":\"2023-06-14T10:31:08+00:00\",\"dateModified\":\"2024-08-05T10:30:43+00:00\",\"breadcrumb\":{\"@id\":\"https:\/\/v-skin.pet\/pl\/regulamin-korzystania\/#breadcrumb\"},\"inLanguage\":\"pl-PL\",\"potentialAction\":[{\"@type\":\"ReadAction\",\"target\":[\"https:\/\/v-skin.pet\/pl\/regulamin-korzystania\/\"]}]},{\"@type\":\"BreadcrumbList\",\"@id\":\"https:\/\/v-skin.pet\/pl\/regulamin-korzystania\/#breadcrumb\",\"itemListElement\":[{\"@type\":\"ListItem\",\"position\":1,\"name\":\"Home\",\"item\":\"https:\/\/v-skin.pet\/pl\/\"},{\"@type\":\"ListItem\",\"position\":2,\"name\":\"Regulamin korzystania\"}]},{\"@type\":\"WebSite\",\"@id\":\"https:\/\/v-skin.pet\/pl\/#website\",\"url\":\"https:\/\/v-skin.pet\/pl\/\",\"name\":\"V-SKIN\",\"description\":\"Dermatology problems in dogs and cats\",\"potentialAction\":[{\"@type\":\"SearchAction\",\"target\":{\"@type\":\"EntryPoint\",\"urlTemplate\":\"https:\/\/v-skin.pet\/pl\/?s={search_term_string}\"},\"query-input\":{\"@type\":\"PropertyValueSpecification\",\"valueRequired\":true,\"valueName\":\"search_term_string\"}}],\"inLanguage\":\"pl-PL\"}]}<\/script>\n<!-- \/ Yoast SEO plugin. -->","yoast_head_json":{"title":"Regulamin korzystania - V-SKIN","robots":{"index":"noindex","follow":"nofollow"},"og_locale":"pl_PL","og_type":"article","og_title":"Regulamin korzystania - V-SKIN","og_description":"Wszystkie tre\u015bci s\u0105 starannie sprawdzane i opracowywane zgodnie z nasz\u0105 najlepsz\u0105 wiedz\u0105 i przekonaniem. Staramy si\u0119 stale poszerza\u0107 i aktualizowa\u0107 t\u0119 ofert\u0119 informacyjn\u0105. Nie mo\u017cemy jednak zagwarantowa\u0107, \u017ce s\u0105 one kompletne, dok\u0142adne i aktualne. Na przyk\u0142ad nie mo\u017cemy ponosi\u0107 odpowiedzialno\u015bci za powodzenie upraw, poniewa\u017c zale\u017cy ono r\u00f3wnie\u017c od czynnik\u00f3w, kt\u00f3rych nie da si\u0119 kontrolowa\u0107, a [&hellip;]","og_url":"https:\/\/v-skin.pet\/pl\/regulamin-korzystania\/","og_site_name":"V-SKIN","article_modified_time":"2024-08-05T10:30:43+00:00","twitter_card":"summary_large_image","twitter_misc":{"Szacowany czas czytania":"3 minuty"},"schema":{"@context":"https:\/\/schema.org","@graph":[{"@type":"WebPage","@id":"https:\/\/v-skin.pet\/pl\/regulamin-korzystania\/","url":"https:\/\/v-skin.pet\/pl\/regulamin-korzystania\/","name":"Regulamin korzystania - V-SKIN","isPartOf":{"@id":"https:\/\/v-skin.pet\/pl\/#website"},"datePublished":"2023-06-14T10:31:08+00:00","dateModified":"2024-08-05T10:30:43+00:00","breadcrumb":{"@id":"https:\/\/v-skin.pet\/pl\/regulamin-korzystania\/#breadcrumb"},"inLanguage":"pl-PL","potentialAction":[{"@type":"ReadAction","target":["https:\/\/v-skin.pet\/pl\/regulamin-korzystania\/"]}]},{"@type":"BreadcrumbList","@id":"https:\/\/v-skin.pet\/pl\/regulamin-korzystania\/#breadcrumb","itemListElement":[{"@type":"ListItem","position":1,"name":"Home","item":"https:\/\/v-skin.pet\/pl\/"},{"@type":"ListItem","position":2,"name":"Regulamin korzystania"}]},{"@type":"WebSite","@id":"https:\/\/v-skin.pet\/pl\/#website","url":"https:\/\/v-skin.pet\/pl\/","name":"V-SKIN","description":"Dermatology problems in dogs and cats","potentialAction":[{"@type":"SearchAction","target":{"@type":"EntryPoint","urlTemplate":"https:\/\/v-skin.pet\/pl\/?s={search_term_string}"},"query-input":{"@type":"PropertyValueSpecification","valueRequired":true,"valueName":"search_term_string"}}],"inLanguage":"pl-PL"}]}},"_links":{"self":[{"href":"https:\/\/v-skin.pet\/pl\/wp-json\/wp\/v2\/pages\/5171","targetHints":{"allow":["GET"]}}],"collection":[{"href":"https:\/\/v-skin.pet\/pl\/wp-json\/wp\/v2\/pages"}],"about":[{"href":"https:\/\/v-skin.pet\/pl\/wp-json\/wp\/v2\/types\/page"}],"author":[{"embeddable":true,"href":"https:\/\/v-skin.pet\/pl\/wp-json\/wp\/v2\/users\/1"}],"replies":[{"embeddable":true,"href":"https:\/\/v-skin.pet\/pl\/wp-json\/wp\/v2\/comments?post=5171"}],"version-history":[{"count":5,"href":"https:\/\/v-skin.pet\/pl\/wp-json\/wp\/v2\/pages\/5171\/revisions"}],"predecessor-version":[{"id":5680,"href":"https:\/\/v-skin.pet\/pl\/wp-json\/wp\/v2\/pages\/5171\/revisions\/5680"}],"wp:attachment":[{"href":"https:\/\/v-skin.pet\/pl\/wp-json\/wp\/v2\/media?parent=5171"}],"curies":[{"name":"wp","href":"https:\/\/api.w.org\/{rel}","templated":true}]}}