{"id":6074,"date":"2023-06-14T10:31:08","date_gmt":"2023-06-14T10:31:08","guid":{"rendered":"https:\/\/v-skin.pet\/terms-of-use\/"},"modified":"2025-02-25T09:42:32","modified_gmt":"2025-02-25T09:42:32","slug":"termini-di-utilizzo","status":"publish","type":"page","link":"https:\/\/v-skin.pet\/it\/termini-di-utilizzo\/","title":{"rendered":"Termini di utilizzo"},"content":{"rendered":"\t\t<div data-elementor-type=\"wp-page\" data-elementor-id=\"6074\" class=\"elementor elementor-6074 elementor-108\" data-elementor-post-type=\"page\">\n\t\t\t\t\t\t<section class=\"elementor-section elementor-top-section elementor-element elementor-element-2611117 elementor-section-boxed elementor-section-height-default elementor-section-height-default\" data-id=\"2611117\" data-element_type=\"section\">\n\t\t\t\t\t\t<div class=\"elementor-container elementor-column-gap-default\">\n\t\t\t\t\t<div class=\"elementor-column elementor-col-100 elementor-top-column elementor-element elementor-element-abad24d\" data-id=\"abad24d\" data-element_type=\"column\">\n\t\t\t<div class=\"elementor-widget-wrap elementor-element-populated\">\n\t\t\t\t\t\t<div class=\"elementor-element elementor-element-e5b81b4 elementor-widget elementor-widget-text-editor\" data-id=\"e5b81b4\" data-element_type=\"widget\" data-widget_type=\"text-editor.default\">\n\t\t\t\t<div class=\"elementor-widget-container\">\n\t\t\t\t\t\t\t\t\t<p style=\"color: #72706e;\">Tutti i contenuti sono attentamente controllati e compilati al meglio delle nostre conoscenze e convinzioni. Ci sforziamo di estendere e aggiornare costantemente questa offerta di informazioni. Tuttavia, non possiamo garantire che sia completa, accurata e aggiornata. Ad esempio, non possiamo essere ritenuti responsabili o responsabili del successo delle colture, poich\u00e9 questo dipende anche da fattori incontrollabili che non hanno nulla a che fare con la qualit\u00e0 delle variet\u00e0. LIVISTO Group GmbH non pu\u00f2 essere ritenuta responsabile per eventuali perdite o danni subiti in relazione all\u2019uso del contenuto delle nostre pagine web. LIVISTO Group GmbH non si assume alcuna responsabilit\u00e0 per danni indiretti, materiali o immateriali, danni consequenziali derivanti da difetti o mancato guadagno, causati dall\u2019uso o dal mancato utilizzo delle informazioni presentate o del software ivi contenuto. Tutte le offerte sono soggette a modifiche e non vincolanti. LIVISTO Group GmbH si riserva espressamente il diritto di modificare, integrare o cancellare parti delle pagine o dell\u2019intera offerta o di cessare temporaneamente o definitivamente la pubblicazione, senza darne separata comunicazione.<\/p>\n\n<h3 style=\"margin-top: 2rem; font-size: 22px;\">Contenuto dell\u2019offerta online<\/h3>\n<p style=\"color: #72706e;\">Tutti i contenuti sono attentamente controllati e compilati al meglio delle nostre conoscenze e convinzioni. Ci sforziamo di estendere e aggiornare costantemente questa offerta di informazioni. Tuttavia, non possiamo garantire che sia completa, accurata e aggiornata. Ad esempio, non possiamo essere ritenuti responsabili o responsabili del successo delle colture, poich\u00e9 questo dipende anche da fattori incontrollabili che non hanno nulla a che fare con la qualit\u00e0 delle variet\u00e0. LIVISTO Group GmbH non pu\u00f2 essere ritenuta responsabile per eventuali perdite o danni subiti in relazione all\u2019uso del contenuto delle nostre pagine web. LIVISTO Group GmbH non si assume alcuna responsabilit\u00e0 per danni indiretti, materiali o immateriali, danni consequenziali derivanti da difetti o mancato guadagno, causati dall\u2019uso o dal mancato utilizzo delle informazioni presentate o del software ivi contenuto. Tutte le offerte sono soggette a modifiche e non vincolanti. LIVISTO Group GmbH si riserva espressamente il diritto di modificare, integrare o cancellare parti delle pagine o dell\u2019intera offerta o di cessare temporaneamente o definitivamente la pubblicazione, senza darne separata comunicazione.<\/p>\n\n<h3 style=\"margin-top: 2rem; font-size: 22px;\">Copyright<\/h3>\n<p style=\"color: #72706e;\">Il contenuto del sito web di LIVISTO Group GmbH \u00e8 protetto da copyright. Tutti i diritti riservati. Il diritto d\u2019autore per gli oggetti pubblicati creati da LIVISTO Group GmbH rimane esclusivamente a LIVISTO Group GmbH. Qualsiasi riproduzione o utilizzo di tali grafici, documenti audio, sequenze video e testi in altre pubblicazioni elettroniche o stampate \u00e8 vietata senza l\u2019espresso consenso di LIVISTO Group GmbH.<\/p>\n<p style=\"color: #72706e;\">In tutte le pubblicazioni, LIVISTO Group GmbH si impegna a rispettare i diritti d\u2019autore della grafica, dei documenti audio, delle sequenze video e dei testi utilizzati, di utilizzare la nostra grafica, documenti audio, sequenze video e testi o di utilizzare grafica, documenti audio, video esenti da royalty sequenze e testi. Tutti i marchi e marchi, nomi commerciali e nomi generici citati all\u2019interno della nostra offerta Internet e, ove applicabile, protetti da terzi sono integralmente soggetti alle disposizioni della normativa in materia di marchi e segni correlati e dei diritti di propriet\u00e0 dei titolari registrati in ogni caso. Il fatto che i marchi siano semplicemente citati non deve far ritenere che non siano protetti da diritti di terzi!<\/p>\n\n<h3 style=\"margin-top: 2rem; font-size: 22px;\">La tua privacy e la protezione dei tuoi dati personali<\/h3>\n<p style=\"color: #72706e;\">La vostra soddisfazione \u00e8 la priorit\u00e0 di LIVISTO Group GmbH. A questo proposito, consideriamo anche nostro dovere proteggere i tuoi dati personali che raccogliamo. Utilizziamo le informazioni che raccogliamo su di te solo per scopi operativi, vale a dire principalmente per consentirti di utilizzare le nostre offerte in modo pi\u00f9 conveniente e mirato. LIVISTO Group GmbH non mette i dati personali dell\u2019utente a disposizione di terzi al di fuori dell\u2019azienda per l\u2019utilizzo. Il rigoroso rispetto della riservatezza dei tuoi dati \u00e8 per noi una cosa ovvia.<\/p>\n\n<h3 style=\"margin-top: 2rem; font-size: 22px;\">Validit\u00e0 di questo disclaimer<\/h3>\n<p style=\"color: #72706e;\">Questo disclaimer \u00e8 da considerarsi parte dell\u2019offerta Internet da cui sei stato indirizzato a questa pagina. Se parti di questo testo o singole formulazioni in esso contenute non sono conformi, non sono pi\u00f9 conformi o non sono pienamente conformi alla situazione giuridica applicabile, ci\u00f2 non pregiudica il contenuto e la validit\u00e0 delle altre parti del documento.<\/p>\t\t\t\t\t\t\t\t<\/div>\n\t\t\t\t<\/div>\n\t\t\t\t\t<\/div>\n\t\t<\/div>\n\t\t\t\t\t<\/div>\n\t\t<\/section>\n\t\t\t\t<\/div>\n\t\t","protected":false},"excerpt":{"rendered":"<p>Tutti i contenuti sono attentamente controllati e compilati al meglio delle nostre conoscenze e convinzioni. Ci sforziamo di estendere e aggiornare costantemente questa offerta di informazioni. Tuttavia, non possiamo garantire che sia completa, accurata e aggiornata. Ad esempio, non possiamo essere ritenuti responsabili o responsabili del successo delle colture, poich\u00e9 questo dipende anche da fattori [&hellip;]<\/p>\n","protected":false},"author":1,"featured_media":0,"parent":0,"menu_order":90,"comment_status":"closed","ping_status":"closed","template":"page-legal.php","meta":{"inline_featured_image":false,"footnotes":""},"class_list":["post-6074","page","type-page","status-publish","hentry"],"acf":[],"yoast_head":"<!-- This site is optimized with the Yoast SEO plugin v24.3 - https:\/\/yoast.com\/wordpress\/plugins\/seo\/ -->\n<title>Termini di utilizzo - V-SKIN<\/title>\n<meta name=\"robots\" content=\"noindex, nofollow\" \/>\n<meta property=\"og:locale\" content=\"it_IT\" \/>\n<meta property=\"og:type\" content=\"article\" \/>\n<meta property=\"og:title\" content=\"Termini di utilizzo - V-SKIN\" \/>\n<meta property=\"og:description\" content=\"Tutti i contenuti sono attentamente controllati e compilati al meglio delle nostre conoscenze e convinzioni. Ci sforziamo di estendere e aggiornare costantemente questa offerta di informazioni. Tuttavia, non possiamo garantire che sia completa, accurata e aggiornata. Ad esempio, non possiamo essere ritenuti responsabili o responsabili del successo delle colture, poich\u00e9 questo dipende anche da fattori [&hellip;]\" \/>\n<meta property=\"og:url\" content=\"https:\/\/v-skin.pet\/it\/termini-di-utilizzo\/\" \/>\n<meta property=\"og:site_name\" content=\"V-SKIN\" \/>\n<meta property=\"article:modified_time\" content=\"2025-02-25T09:42:32+00:00\" \/>\n<meta name=\"twitter:card\" content=\"summary_large_image\" \/>\n<meta name=\"twitter:label1\" content=\"Tempo di lettura stimato\" \/>\n\t<meta name=\"twitter:data1\" content=\"4 minuti\" \/>\n<script type=\"application\/ld+json\" class=\"yoast-schema-graph\">{\"@context\":\"https:\/\/schema.org\",\"@graph\":[{\"@type\":\"WebPage\",\"@id\":\"https:\/\/v-skin.pet\/it\/termini-di-utilizzo\/\",\"url\":\"https:\/\/v-skin.pet\/it\/termini-di-utilizzo\/\",\"name\":\"Termini di utilizzo - V-SKIN\",\"isPartOf\":{\"@id\":\"https:\/\/v-skin.pet\/it\/#website\"},\"datePublished\":\"2023-06-14T10:31:08+00:00\",\"dateModified\":\"2025-02-25T09:42:32+00:00\",\"breadcrumb\":{\"@id\":\"https:\/\/v-skin.pet\/it\/termini-di-utilizzo\/#breadcrumb\"},\"inLanguage\":\"it-IT\",\"potentialAction\":[{\"@type\":\"ReadAction\",\"target\":[\"https:\/\/v-skin.pet\/it\/termini-di-utilizzo\/\"]}]},{\"@type\":\"BreadcrumbList\",\"@id\":\"https:\/\/v-skin.pet\/it\/termini-di-utilizzo\/#breadcrumb\",\"itemListElement\":[{\"@type\":\"ListItem\",\"position\":1,\"name\":\"Home\",\"item\":\"https:\/\/v-skin.pet\/it\/\"},{\"@type\":\"ListItem\",\"position\":2,\"name\":\"Termini di utilizzo\"}]},{\"@type\":\"WebSite\",\"@id\":\"https:\/\/v-skin.pet\/it\/#website\",\"url\":\"https:\/\/v-skin.pet\/it\/\",\"name\":\"V-SKIN\",\"description\":\"Dermatology problems in dogs and cats\",\"potentialAction\":[{\"@type\":\"SearchAction\",\"target\":{\"@type\":\"EntryPoint\",\"urlTemplate\":\"https:\/\/v-skin.pet\/it\/?s={search_term_string}\"},\"query-input\":{\"@type\":\"PropertyValueSpecification\",\"valueRequired\":true,\"valueName\":\"search_term_string\"}}],\"inLanguage\":\"it-IT\"}]}<\/script>\n<!-- \/ Yoast SEO plugin. -->","yoast_head_json":{"title":"Termini di utilizzo - V-SKIN","robots":{"index":"noindex","follow":"nofollow"},"og_locale":"it_IT","og_type":"article","og_title":"Termini di utilizzo - V-SKIN","og_description":"Tutti i contenuti sono attentamente controllati e compilati al meglio delle nostre conoscenze e convinzioni. Ci sforziamo di estendere e aggiornare costantemente questa offerta di informazioni. Tuttavia, non possiamo garantire che sia completa, accurata e aggiornata. Ad esempio, non possiamo essere ritenuti responsabili o responsabili del successo delle colture, poich\u00e9 questo dipende anche da fattori [&hellip;]","og_url":"https:\/\/v-skin.pet\/it\/termini-di-utilizzo\/","og_site_name":"V-SKIN","article_modified_time":"2025-02-25T09:42:32+00:00","twitter_card":"summary_large_image","twitter_misc":{"Tempo di lettura stimato":"4 minuti"},"schema":{"@context":"https:\/\/schema.org","@graph":[{"@type":"WebPage","@id":"https:\/\/v-skin.pet\/it\/termini-di-utilizzo\/","url":"https:\/\/v-skin.pet\/it\/termini-di-utilizzo\/","name":"Termini di utilizzo - V-SKIN","isPartOf":{"@id":"https:\/\/v-skin.pet\/it\/#website"},"datePublished":"2023-06-14T10:31:08+00:00","dateModified":"2025-02-25T09:42:32+00:00","breadcrumb":{"@id":"https:\/\/v-skin.pet\/it\/termini-di-utilizzo\/#breadcrumb"},"inLanguage":"it-IT","potentialAction":[{"@type":"ReadAction","target":["https:\/\/v-skin.pet\/it\/termini-di-utilizzo\/"]}]},{"@type":"BreadcrumbList","@id":"https:\/\/v-skin.pet\/it\/termini-di-utilizzo\/#breadcrumb","itemListElement":[{"@type":"ListItem","position":1,"name":"Home","item":"https:\/\/v-skin.pet\/it\/"},{"@type":"ListItem","position":2,"name":"Termini di utilizzo"}]},{"@type":"WebSite","@id":"https:\/\/v-skin.pet\/it\/#website","url":"https:\/\/v-skin.pet\/it\/","name":"V-SKIN","description":"Dermatology problems in dogs and cats","potentialAction":[{"@type":"SearchAction","target":{"@type":"EntryPoint","urlTemplate":"https:\/\/v-skin.pet\/it\/?s={search_term_string}"},"query-input":{"@type":"PropertyValueSpecification","valueRequired":true,"valueName":"search_term_string"}}],"inLanguage":"it-IT"}]}},"_links":{"self":[{"href":"https:\/\/v-skin.pet\/it\/wp-json\/wp\/v2\/pages\/6074","targetHints":{"allow":["GET"]}}],"collection":[{"href":"https:\/\/v-skin.pet\/it\/wp-json\/wp\/v2\/pages"}],"about":[{"href":"https:\/\/v-skin.pet\/it\/wp-json\/wp\/v2\/types\/page"}],"author":[{"embeddable":true,"href":"https:\/\/v-skin.pet\/it\/wp-json\/wp\/v2\/users\/1"}],"replies":[{"embeddable":true,"href":"https:\/\/v-skin.pet\/it\/wp-json\/wp\/v2\/comments?post=6074"}],"version-history":[{"count":4,"href":"https:\/\/v-skin.pet\/it\/wp-json\/wp\/v2\/pages\/6074\/revisions"}],"predecessor-version":[{"id":6078,"href":"https:\/\/v-skin.pet\/it\/wp-json\/wp\/v2\/pages\/6074\/revisions\/6078"}],"wp:attachment":[{"href":"https:\/\/v-skin.pet\/it\/wp-json\/wp\/v2\/media?parent=6074"}],"curies":[{"name":"wp","href":"https:\/\/api.w.org\/{rel}","templated":true}]}}