{"id":4491,"date":"2024-03-12T09:01:20","date_gmt":"2024-03-12T09:01:20","guid":{"rendered":"https:\/\/v-skin.pet\/cookie-policy\/"},"modified":"2024-03-12T09:01:20","modified_gmt":"2024-03-12T09:01:20","slug":"politica-de-cookies","status":"publish","type":"page","link":"https:\/\/v-skin.pet\/es\/politica-de-cookies\/","title":{"rendered":"Pol\u00edtica de cookies"},"content":{"rendered":"\t\t<div data-elementor-type=\"wp-page\" data-elementor-id=\"4491\" class=\"elementor elementor-4491 elementor-110\" data-elementor-post-type=\"page\">\n\t\t\t\t\t\t<section class=\"elementor-section elementor-top-section elementor-element elementor-element-e1da947 elementor-section-boxed elementor-section-height-default elementor-section-height-default\" data-id=\"e1da947\" data-element_type=\"section\">\n\t\t\t\t\t\t<div class=\"elementor-container elementor-column-gap-default\">\n\t\t\t\t\t<div class=\"elementor-column elementor-col-100 elementor-top-column elementor-element elementor-element-ed1fdd8\" data-id=\"ed1fdd8\" data-element_type=\"column\">\n\t\t\t<div class=\"elementor-widget-wrap elementor-element-populated\">\n\t\t\t\t\t\t<div class=\"elementor-element elementor-element-a4033ea elementor-widget elementor-widget-text-editor\" data-id=\"a4033ea\" data-element_type=\"widget\" data-widget_type=\"text-editor.default\">\n\t\t\t\t<div class=\"elementor-widget-container\">\n\t\t\t\t\t\t\t\t\t<p><strong>INDUSTRIAL VETERINARIA, S.A. una compa\u00f1\u00eda del Grupo LIVISTO, ha desarrollado esta pol\u00edtica para informarle de qu\u00e9 es una cookie, cu\u00e1les usamos en esta web y ayudarle a poder gestionarlas seg\u00fan sea de su inter\u00e9s.<\/strong><\/p>\n<p>Con su visita a nuestra web est\u00e1 siendo informado de la existencia de cookies y de la presente pol\u00edtica de cookies. Con la aceptaci\u00f3n de la pol\u00edtica de cookies,\u00a0<u>est\u00e1 consintiendo la instalaci\u00f3n de las cookies<\/u>\u00a0informadas (salvo que haya modificado la configuraci\u00f3n de su navegador para rechazar cookies).<\/p>\n<p>Una \u201cCookie\u201d es un peque\u00f1o archivo de texto que un sitio web almacena en el\u00a0navegador del usuario. Las cookies facilitan el uso y la navegaci\u00f3n por una p\u00e1gina web y son esenciales para el funcionamiento de internet, aportando innumerables ventajas en la prestaci\u00f3n de servicios interactivos.<\/p>\n<p>Las cookies se utilizan por ejemplo para gestionar la sesi\u00f3n del usuario (reduciendo el n\u00famero de veces que tiene que incluir su contrase\u00f1a) o para adecuar los contenidos de una p\u00e1gina web a sus preferencias. Las cookies pueden ser de \u201csesi\u00f3n\u201d, por lo que se borrar\u00e1n una vez el usuario abandone la p\u00e1gina web que las gener\u00f3, o \u201cpersistentes\u201d, que permanecen en su ordenador hasta una fecha determinada.<\/p>\n<p>Este documento de \u201cUso de Cookies\u201d ha sido elaborado a partir de una auditor\u00eda t\u00e9cnica externa estando, por tanto, sujeto a actualizaciones peri\u00f3dicas. Su prop\u00f3sito es ayudarle a comprender el uso que la presente p\u00e1gina web hace de las cookies, la finalidad de las cookies utilizadas, as\u00ed como de las opciones que el usuario tiene a su disposici\u00f3n para gestionarlas.<\/p>\n<p>La aceptaci\u00f3n de esta pol\u00edtica de cookies y con la funcionalidad de su navegador habilitada para aceptar las mismas, implica la aceptaci\u00f3n por parte del usuario de la tecnolog\u00eda cookie utilizada por este website.<\/p>\n<p><strong>Ejemplos de Tipo de cookies:<\/strong><\/p>\n<p><strong>Cookies t\u00e9cnicas o de uso interno<\/strong><\/p>\n<p>Son\u00a0<em>cookies t\u00e9cnicas o de uso interno,<\/em>\u00a0las\u00a0imprescindibles para el funcionamiento de una web, como, por ejemplo, aquellas que permiten la autenticaci\u00f3n o el mantenimiento de la sesi\u00f3n del usuario registrado cuando navega por la p\u00e1gina. La desactivaci\u00f3n de estas cookies impide el funcionamiento correcto de algunas de las funcionalidades de la web.<\/p>\n<p><strong>Cookies Anal\u00edticas<\/strong><\/p>\n<p>Son\u00a0<em>cookies anal\u00edticas,\u00a0<\/em>aquellas que sirven para recabar estad\u00edsticas sobre la actividad del usuario en la web y la actividad general de la misma. La informaci\u00f3n recopilada es an\u00f3nima y permite optimizar la navegaci\u00f3n de una p\u00e1gina web y garantizar el mejor servicio al usuario. El usuario puede excluir su actividad mediante los sistemas de exclusi\u00f3n facilitados por las herramientas anal\u00edticas.<\/p>\n<p><strong>Cookies de terceros para la gesti\u00f3n de espacios publicitarios<\/strong><\/p>\n<p>Son cookies almacenadas por terceras partes que gestionan los espacios publicitarios que los usuarios visualizan al acceder a esta web. Estas cookies permiten medir la efectividad de campa\u00f1as online, proporcionar al usuario informaci\u00f3n de su inter\u00e9s y ofrecerle contenidos publicitarios de su preferencia. De conformidad con sus propias pol\u00edticas, algunos gestores de publicidad pueden utilizar las cookies an\u00f3nimas para mostrar anuncios de su inter\u00e9s cuando visite otras p\u00e1ginas web. No obstante, los usuarios pueden gestionar la aceptaci\u00f3n o no de dichas cookies mediante la configuraci\u00f3n de su navegador.<\/p>\n<p><strong>Garant\u00edas y opciones sobre las cookies<\/strong><\/p>\n<p>Por medio de la configuraci\u00f3n de su navegador, el usuario tiene la posibilidad de aceptar o rechazar la instalaci\u00f3n de cookies, o bien rechazar la instalaci\u00f3n de un determinado tipo de cookies, como las cookies de publicidad y de terceros. Adem\u00e1s, despu\u00e9s de cada sesi\u00f3n puede eliminar todas o algunas de las cookies almacenadas.<\/p>\n<p>Asimismo, el usuario puede activar:<\/p>\n<p>&#8211; La navegaci\u00f3n privada, mediante la cual su navegador deja de guardar el historial de navegaci\u00f3n, contrase\u00f1as de sitios web, cookies y otra informaci\u00f3n de las p\u00e1ginas que visita, o<\/p>\n<p>&#8211; la funci\u00f3n de no rastrear, por la que el navegador pide a los sitios web que visita que no rastreen sus h\u00e1bitos de navegaci\u00f3n para, por ejemplo, servirle publicidad de su inter\u00e9s en los sitios que visita.<\/p>\n<p>Le recomendamos que consulte la ayuda de su navegador para informarse de las diferentes opciones sobre c\u00f3mo gestionar las cookies.\u00a0<strong>Tenga en cuenta que el bloqueo de cookies puede afectar a todas o algunas de las funcionalidades de nuestra web<\/strong>. Incluso, puede ocurrir que al NO ACEPTAR las cookies t\u00e9cnicas\/internas, no pueda acceder a nuestro website.<\/p>\n<p><strong>Cookies utilizadas en esta Web:<\/strong><\/p>\t\t\t\t\t\t\t\t<\/div>\n\t\t\t\t<\/div>\n\t\t\t\t<div class=\"elementor-element elementor-element-0882fee elementor-widget elementor-widget-shortcode\" data-id=\"0882fee\" data-element_type=\"widget\" data-widget_type=\"shortcode.default\">\n\t\t\t\t<div class=\"elementor-widget-container\">\n\t\t\t\t\t\t\t<div class=\"elementor-shortcode\"><table class=\"wt-cli-element cookielawinfo-row-cat-table cookielawinfo-classic\"><thead><tr><th scope=\"col\" class=\"cookielawinfo-column-1\">Cookie<\/th><th scope=\"col\" class=\"cookielawinfo-column-2\">Tipo<\/th><th scope=\"col\" class=\"cookielawinfo-column-3\">Duraci\u00f3n<\/th><th scope=\"col\" class=\"cookielawinfo-column-4\">Descripci\u00f3n<\/th><\/tr><\/thead><tbody><tr class=\"cookielawinfo-row\"><td class=\"cookielawinfo-column-1\">__cf_bm<\/td><td class=\"cookielawinfo-column-2\"><\/td><td class=\"cookielawinfo-column-3\">30 minutos<\/td><td class=\"cookielawinfo-column-4\">Cloudflare establece la cookie para soportar Cloudflare Bot Management.<\/td><\/tr><tr class=\"cookielawinfo-row\"><td class=\"cookielawinfo-column-1\">_cfuvid<\/td><td class=\"cookielawinfo-column-2\"><\/td><td class=\"cookielawinfo-column-3\">sesi\u00f3n<\/td><td class=\"cookielawinfo-column-4\">La descripci\u00f3n no est\u00e1 disponible actualmente.<\/td><\/tr><tr class=\"cookielawinfo-row\"><td class=\"cookielawinfo-column-1\">_fbp<\/td><td class=\"cookielawinfo-column-2\"><\/td><td class=\"cookielawinfo-column-3\">3 meses<\/td><td class=\"cookielawinfo-column-4\">Facebook instala esta cookie para mostrar anuncios en Facebook o en una plataforma digital con publicidad de Facebook despu\u00e9s de visitar el sitio web.<\/td><\/tr><tr class=\"cookielawinfo-row\"><td class=\"cookielawinfo-column-1\">_ga<\/td><td class=\"cookielawinfo-column-2\"><\/td><td class=\"cookielawinfo-column-3\">1 a\u00f1o 1 mes 4 d\u00edas<\/td><td class=\"cookielawinfo-column-4\">Google Analytics instala esta cookie para calcular los datos de visitantes, sesiones y campa\u00f1as y realizar un seguimiento del uso del sitio para el informe de an\u00e1lisis del sitio. La cookie almacena la informaci\u00f3n de forma an\u00f3nima y asigna un n\u00famero generado aleatoriamente para reconocer a los visitantes \u00fanicos.<\/td><\/tr><tr class=\"cookielawinfo-row\"><td class=\"cookielawinfo-column-1\">_ga_*<\/td><td class=\"cookielawinfo-column-2\"><\/td><td class=\"cookielawinfo-column-3\">1 a\u00f1o 1 mes 4 d\u00edas<\/td><td class=\"cookielawinfo-column-4\">Google Analytics instala esta cookie para almacenar y contar las visitas a las p\u00e1ginas.<\/td><\/tr><tr class=\"cookielawinfo-row\"><td class=\"cookielawinfo-column-1\">cookielawinfo-checkbox-advertisement<\/td><td class=\"cookielawinfo-column-2\"><\/td><td class=\"cookielawinfo-column-3\">1 a\u00f1o<\/td><td class=\"cookielawinfo-column-4\">Establecida por el plugin GDPR Cookie Consent, esta cookie registra el consentimiento del usuario para las cookies de la categor\u00eda \"Publicidad\".<\/td><\/tr><tr class=\"cookielawinfo-row\"><td class=\"cookielawinfo-column-1\">cookielawinfo-checkbox-analytics<\/td><td class=\"cookielawinfo-column-2\"><\/td><td class=\"cookielawinfo-column-3\">1 a\u00f1o<\/td><td class=\"cookielawinfo-column-4\">Establecida por el plugin GDPR Cookie Consent, esta cookie registra el consentimiento del usuario para las cookies de la categor\u00eda \"Analytics\".<\/td><\/tr><tr class=\"cookielawinfo-row\"><td class=\"cookielawinfo-column-1\">cookielawinfo-checkbox-functional<\/td><td class=\"cookielawinfo-column-2\"><\/td><td class=\"cookielawinfo-column-3\">1 a\u00f1o<\/td><td class=\"cookielawinfo-column-4\">El plugin GDPR Cookie Consent establece la cookie para registrar el consentimiento del usuario para las cookies de la categor\u00eda \"Funcional\".<\/td><\/tr><tr class=\"cookielawinfo-row\"><td class=\"cookielawinfo-column-1\">cookielawinfo-checkbox-necessary<\/td><td class=\"cookielawinfo-column-2\"><\/td><td class=\"cookielawinfo-column-3\">1 a\u00f1o<\/td><td class=\"cookielawinfo-column-4\">Establecida por el plugin GDPR Cookie Consent, esta cookie registra el consentimiento del usuario para las cookies de la categor\u00eda \"Necesarias\".<\/td><\/tr><tr class=\"cookielawinfo-row\"><td class=\"cookielawinfo-column-1\">cookielawinfo-checkbox-others<\/td><td class=\"cookielawinfo-column-2\"><\/td><td class=\"cookielawinfo-column-3\">1 a\u00f1o<\/td><td class=\"cookielawinfo-column-4\">Establecida por el plugin GDPR Cookie Consent, esta cookie almacena el consentimiento del usuario para las cookies de la categor\u00eda \"Otros\".<\/td><\/tr><tr class=\"cookielawinfo-row\"><td class=\"cookielawinfo-column-1\">cookielawinfo-checkbox-performance<\/td><td class=\"cookielawinfo-column-2\"><\/td><td class=\"cookielawinfo-column-3\">1 a\u00f1o<\/td><td class=\"cookielawinfo-column-4\">Establecida por el plugin GDPR Cookie Consent, esta cookie almacena el consentimiento del usuario para las cookies de la categor\u00eda \"Rendimiento\".<\/td><\/tr><tr class=\"cookielawinfo-row\"><td class=\"cookielawinfo-column-1\">CookieLawInfoConsent<\/td><td class=\"cookielawinfo-column-2\"><\/td><td class=\"cookielawinfo-column-3\">1 a\u00f1o<\/td><td class=\"cookielawinfo-column-4\">CookieYes establece esta cookie para registrar el estado del bot\u00f3n predeterminado de la categor\u00eda correspondiente y el estado de CCPA. Solo funciona en coordinaci\u00f3n con la cookie principal.<\/td><\/tr><tr class=\"cookielawinfo-row\"><td class=\"cookielawinfo-column-1\">elementor<\/td><td class=\"cookielawinfo-column-2\"><\/td><td class=\"cookielawinfo-column-3\">nunca<\/td><td class=\"cookielawinfo-column-4\">El tema de WordPress del sitio web utiliza esta cookie. Permite al propietario del sitio web implementar o cambiar el contenido del sitio web en tiempo real.<\/td><\/tr><tr class=\"cookielawinfo-row\"><td class=\"cookielawinfo-column-1\">PHPSESSID<\/td><td class=\"cookielawinfo-column-2\"><\/td><td class=\"cookielawinfo-column-3\">sesi\u00f3n<\/td><td class=\"cookielawinfo-column-4\">Esta cookie es nativa de las aplicaciones PHP. La cookie almacena e identifica el ID de sesi\u00f3n \u00fanico de un usuario para gestionar las sesiones de usuario en el sitio web. La cookie es una cookie de sesi\u00f3n y se borrar\u00e1 cuando se cierren todas las ventanas del navegador.<\/td><\/tr><tr class=\"cookielawinfo-row\"><td class=\"cookielawinfo-column-1\">rc::a<\/td><td class=\"cookielawinfo-column-2\"><\/td><td class=\"cookielawinfo-column-3\">nunca<\/td><td class=\"cookielawinfo-column-4\">Esta cookie es instalada por el servicio recaptcha de Google para identificar bots y proteger el sitio web contra ataques maliciosos de spam.<\/td><\/tr><tr class=\"cookielawinfo-row\"><td class=\"cookielawinfo-column-1\">rc::c<\/td><td class=\"cookielawinfo-column-2\"><\/td><td class=\"cookielawinfo-column-3\">sesi\u00f3n<\/td><td class=\"cookielawinfo-column-4\">Esta cookie es instalada por el servicio recaptcha de Google para identificar bots y proteger el sitio web contra ataques maliciosos de spam.<\/td><\/tr><tr class=\"cookielawinfo-row\"><td class=\"cookielawinfo-column-1\">viewed_cookie_policy<\/td><td class=\"cookielawinfo-column-2\"><\/td><td class=\"cookielawinfo-column-3\">1 a\u00f1o<\/td><td class=\"cookielawinfo-column-4\">El plugin GDPR Cookie Consent configura la cookie para almacenar si el usuario ha consentido o no el uso de cookies. No almacena ning\u00fan dato personal.<\/td><\/tr><tr class=\"cookielawinfo-row\"><td class=\"cookielawinfo-column-1\">vuid<\/td><td class=\"cookielawinfo-column-2\"><\/td><td class=\"cookielawinfo-column-3\">1 a\u00f1o 1 mes 4 d\u00edas<\/td><td class=\"cookielawinfo-column-4\">Vimeo instala esta cookie para recopilar informaci\u00f3n de seguimiento estableciendo un ID \u00fanico para incrustar v\u00eddeos en el sitio web.<\/td><\/tr><tr class=\"cookielawinfo-row\"><td class=\"cookielawinfo-column-1\">wp-wpml_current_language<\/td><td class=\"cookielawinfo-column-2\"><\/td><td class=\"cookielawinfo-column-3\">sesi\u00f3n<\/td><td class=\"cookielawinfo-column-4\">El plugin multiling\u00fce de WordPress establece esta cookie para almacenar la configuraci\u00f3n actual del idioma.<\/td><\/tr><tr class=\"cookielawinfo-row\"><td class=\"cookielawinfo-column-1\">wpEmojiSettingsSupports<\/td><td class=\"cookielawinfo-column-2\"><\/td><td class=\"cookielawinfo-column-3\">sesi\u00f3n<\/td><td class=\"cookielawinfo-column-4\">WordPress establece esta cookie cuando un usuario interact\u00faa con emojis en un sitio de WordPress. Ayuda a determinar si el navegador del usuario puede mostrar emojis correctamente.<\/td><\/tr><\/tbody><\/table><\/div>\n\t\t\t\t\t\t<\/div>\n\t\t\t\t<\/div>\n\t\t\t\t<div class=\"elementor-element elementor-element-ec73ac1 elementor-widget elementor-widget-text-editor\" data-id=\"ec73ac1\" data-element_type=\"widget\" data-widget_type=\"text-editor.default\">\n\t\t\t\t<div class=\"elementor-widget-container\">\n\t\t\t\t\t\t\t\t\t<p><strong>Redes Sociales:<\/strong><\/p>\n<p>Cookies de complementos externos de contenidos y Cookies usadas por redes sociales:<\/p>\n<p>En otros sitios que no pertenecen a\u00a0<strong>LIVISTO\u00a0<\/strong>se instalan cookies de terceros a todos sus visitantes, aunque no sean usuarios registrados en las correspondientes plataformas:<\/p>\n<ul>\n<li><strong>LIVISTO\u00a0<\/strong>en\u00a0<strong>Twitter<\/strong>. Sus finalidades est\u00e1n descritas en la P\u00e1gina de Cookies de\u00a0<strong>Twitter<\/strong>:\u00a0<a href=\"https:\/\/support.twitter.com\/articles\/20170521-el-uso-que-hace-twitter-de-cookies-y-tecnologias-similares\" class=\"broken_link\">https:\/\/support.twitter.com\/articles\/20170521-el-uso-que-hace-twitter-de-cookies-y-tecnologias-similares<\/a><\/li>\n<li><strong>LIVISTO\u00a0<\/strong>en\u00a0<strong>Facebook<\/strong>. Sus finalidades est\u00e1n descritas en la P\u00e1gina de Cookies de\u00a0<strong>Facebook<\/strong>:\u00a0<a href=\"https:\/\/es-es.facebook.com\/help\/cookies\/\">https:\/\/es-es.facebook.com\/help\/cookies\/<\/a><\/li>\n<li><strong>LIVISTO\u00a0<\/strong>en\u00a0<strong>LinkedIn<\/strong>. Sus finalidades est\u00e1n descritas en la P\u00e1gina de Cookies de\u00a0<strong>LinkedIn<\/strong>:\u00a0<a href=\"https:\/\/www.linkedin.com\/legal\/cookie-policy?trk=organization-guest_footer-cookie-policy\">https:\/\/www.linkedin.com\/legal\/cookie-policy?trk=organization-guest_footer-cookie-policy<\/a><\/li>\n<li><strong>LIVISTO\u00a0<\/strong>en\u00a0<strong>YouTube<\/strong>. Sus finalidades est\u00e1n descritas en la P\u00e1gina de Cookies de\u00a0<strong>YouTube<\/strong>:\u00a0<a href=\"https:\/\/www.google.es\/intl\/es\/policies\/privacy\/key-terms\/#toc-terms-cookie\">https:\/\/www.google.es\/intl\/es\/policies\/privacy\/key-terms\/#toc-terms-cookie<\/a><\/li>\n<li><strong>LIVISTO\u00a0<\/strong>en\u00a0<strong>Instagram.\u00a0<\/strong>Sus finalidades est\u00e1n descritas en la P\u00e1gina de Cookies de<strong>\u00a0Instagram:\u00a0<\/strong><a href=\"https:\/\/help.instagram.com\/1896641480634370?ref=ig\">https:\/\/help.instagram.com\/1896641480634370?ref=ig<\/a><\/li>\n<\/ul>\n<p><strong>Esta informaci\u00f3n la utilizamos para mejorar nuestra p\u00e1gina<\/strong>, detectar nuevas necesidades y valorar las mejoras a introducir con la finalidad de prestar un mejor servicio a los usuarios que nos visitan.<\/p>\n<p><strong>Para permitir, conocer, bloquear o eliminar las cookies instaladas en tu equipo puedes hacerlo mediante la configuraci\u00f3n de las opciones del navegador instalado en su ordenador<\/strong>.<\/p>\n<p>Por ejemplo, puedes encontrar informaci\u00f3n sobre c\u00f3mo hacerlo en el caso que uses alguno de estos navegadores:<\/p>\n<p>Firefox desde aqu\u00ed:<\/p>\n<p><u><a href=\"http:\/\/support.mozilla.org\/es\/kb\/habilitar-y-deshabilitar-cookies-que-los-sitios-we\">http:\/\/support.mozilla.org\/es\/kb\/habilitar-y-deshabilitar-cookies-que-los-sitios-we<\/a><\/u><\/p>\n<p>Chrome desde aqu\u00ed:<\/p>\n<p><u><a href=\"http:\/\/support.google.com\/chrome\/bin\/answer.py?hl=es&amp;answer=95647\">http:\/\/support.google.com\/chrome\/bin\/answer.py?hl=es&amp;answer=95647<\/a><\/u><\/p>\n<p>Explorer desde aqu\u00ed:<\/p>\n<p><a href=\"https:\/\/support.microsoft.com\/es-es\/help\/17442\/windows-internet-explorer-delete-manage-cookies\">https:\/\/support.microsoft.com\/es-es\/help\/17442\/windows-internet-explorer-delete-manage-cookies<\/a><\/p>\n<p>Safari desde aqu\u00ed:<\/p>\n<p><u><a href=\"http:\/\/support.apple.com\/kb\/ph5042\">http:\/\/support.apple.com\/kb\/ph5042<\/a><\/u><\/p>\n<p>Opera desde aqu\u00ed:<\/p>\n<p><u><a href=\"http:\/\/help.opera.com\/Windows\/11.50\/es-ES\/cookies.html\">http:\/\/help.opera.com\/Windows\/11.50\/es-ES\/cookies.html<\/a><\/u><\/p>\t\t\t\t\t\t\t\t<\/div>\n\t\t\t\t<\/div>\n\t\t\t\t\t<\/div>\n\t\t<\/div>\n\t\t\t\t\t<\/div>\n\t\t<\/section>\n\t\t\t\t<\/div>\n\t\t","protected":false},"excerpt":{"rendered":"<p>INDUSTRIAL VETERINARIA, S.A. una compa\u00f1\u00eda del Grupo LIVISTO, ha desarrollado esta pol\u00edtica para informarle de qu\u00e9 es una cookie, cu\u00e1les usamos en esta web y ayudarle a poder gestionarlas seg\u00fan sea de su inter\u00e9s. Con su visita a nuestra web est\u00e1 siendo informado de la existencia de cookies y de la presente pol\u00edtica de cookies. [&hellip;]<\/p>\n","protected":false},"author":1,"featured_media":0,"parent":0,"menu_order":90,"comment_status":"closed","ping_status":"closed","template":"page-legal.php","meta":{"inline_featured_image":false,"footnotes":""},"class_list":["post-4491","page","type-page","status-publish","hentry"],"acf":[],"yoast_head":"<!-- This site is optimized with the Yoast SEO plugin v24.3 - https:\/\/yoast.com\/wordpress\/plugins\/seo\/ -->\n<title>Pol\u00edtica de cookies - V-SKIN<\/title>\n<meta name=\"robots\" content=\"noindex, nofollow\" \/>\n<meta property=\"og:locale\" content=\"es_ES\" \/>\n<meta property=\"og:type\" content=\"article\" \/>\n<meta property=\"og:title\" content=\"Pol\u00edtica de cookies - V-SKIN\" \/>\n<meta property=\"og:description\" content=\"INDUSTRIAL VETERINARIA, S.A. una compa\u00f1\u00eda del Grupo LIVISTO, ha desarrollado esta pol\u00edtica para informarle de qu\u00e9 es una cookie, cu\u00e1les usamos en esta web y ayudarle a poder gestionarlas seg\u00fan sea de su inter\u00e9s. Con su visita a nuestra web est\u00e1 siendo informado de la existencia de cookies y de la presente pol\u00edtica de cookies. [&hellip;]\" \/>\n<meta property=\"og:url\" content=\"https:\/\/v-skin.pet\/es\/politica-de-cookies\/\" \/>\n<meta property=\"og:site_name\" content=\"V-SKIN\" \/>\n<meta name=\"twitter:card\" content=\"summary_large_image\" \/>\n<meta name=\"twitter:label1\" content=\"Tiempo de lectura\" \/>\n\t<meta name=\"twitter:data1\" content=\"6 minutos\" \/>\n<script type=\"application\/ld+json\" class=\"yoast-schema-graph\">{\"@context\":\"https:\/\/schema.org\",\"@graph\":[{\"@type\":\"WebPage\",\"@id\":\"https:\/\/v-skin.pet\/es\/politica-de-cookies\/\",\"url\":\"https:\/\/v-skin.pet\/es\/politica-de-cookies\/\",\"name\":\"Pol\u00edtica de cookies - V-SKIN\",\"isPartOf\":{\"@id\":\"https:\/\/v-skin.pet\/es\/#website\"},\"datePublished\":\"2024-03-12T09:01:20+00:00\",\"dateModified\":\"2024-03-12T09:01:20+00:00\",\"breadcrumb\":{\"@id\":\"https:\/\/v-skin.pet\/es\/politica-de-cookies\/#breadcrumb\"},\"inLanguage\":\"es\",\"potentialAction\":[{\"@type\":\"ReadAction\",\"target\":[\"https:\/\/v-skin.pet\/es\/politica-de-cookies\/\"]}]},{\"@type\":\"BreadcrumbList\",\"@id\":\"https:\/\/v-skin.pet\/es\/politica-de-cookies\/#breadcrumb\",\"itemListElement\":[{\"@type\":\"ListItem\",\"position\":1,\"name\":\"Home\",\"item\":\"https:\/\/v-skin.pet\/es\/\"},{\"@type\":\"ListItem\",\"position\":2,\"name\":\"Pol\u00edtica de cookies\"}]},{\"@type\":\"WebSite\",\"@id\":\"https:\/\/v-skin.pet\/es\/#website\",\"url\":\"https:\/\/v-skin.pet\/es\/\",\"name\":\"V-SKIN\",\"description\":\"Dermatology problems in dogs and cats\",\"potentialAction\":[{\"@type\":\"SearchAction\",\"target\":{\"@type\":\"EntryPoint\",\"urlTemplate\":\"https:\/\/v-skin.pet\/es\/?s={search_term_string}\"},\"query-input\":{\"@type\":\"PropertyValueSpecification\",\"valueRequired\":true,\"valueName\":\"search_term_string\"}}],\"inLanguage\":\"es\"}]}<\/script>\n<!-- \/ Yoast SEO plugin. -->","yoast_head_json":{"title":"Pol\u00edtica de cookies - V-SKIN","robots":{"index":"noindex","follow":"nofollow"},"og_locale":"es_ES","og_type":"article","og_title":"Pol\u00edtica de cookies - V-SKIN","og_description":"INDUSTRIAL VETERINARIA, S.A. una compa\u00f1\u00eda del Grupo LIVISTO, ha desarrollado esta pol\u00edtica para informarle de qu\u00e9 es una cookie, cu\u00e1les usamos en esta web y ayudarle a poder gestionarlas seg\u00fan sea de su inter\u00e9s. Con su visita a nuestra web est\u00e1 siendo informado de la existencia de cookies y de la presente pol\u00edtica de cookies. [&hellip;]","og_url":"https:\/\/v-skin.pet\/es\/politica-de-cookies\/","og_site_name":"V-SKIN","twitter_card":"summary_large_image","twitter_misc":{"Tiempo de lectura":"6 minutos"},"schema":{"@context":"https:\/\/schema.org","@graph":[{"@type":"WebPage","@id":"https:\/\/v-skin.pet\/es\/politica-de-cookies\/","url":"https:\/\/v-skin.pet\/es\/politica-de-cookies\/","name":"Pol\u00edtica de cookies - V-SKIN","isPartOf":{"@id":"https:\/\/v-skin.pet\/es\/#website"},"datePublished":"2024-03-12T09:01:20+00:00","dateModified":"2024-03-12T09:01:20+00:00","breadcrumb":{"@id":"https:\/\/v-skin.pet\/es\/politica-de-cookies\/#breadcrumb"},"inLanguage":"es","potentialAction":[{"@type":"ReadAction","target":["https:\/\/v-skin.pet\/es\/politica-de-cookies\/"]}]},{"@type":"BreadcrumbList","@id":"https:\/\/v-skin.pet\/es\/politica-de-cookies\/#breadcrumb","itemListElement":[{"@type":"ListItem","position":1,"name":"Home","item":"https:\/\/v-skin.pet\/es\/"},{"@type":"ListItem","position":2,"name":"Pol\u00edtica de cookies"}]},{"@type":"WebSite","@id":"https:\/\/v-skin.pet\/es\/#website","url":"https:\/\/v-skin.pet\/es\/","name":"V-SKIN","description":"Dermatology problems in dogs and cats","potentialAction":[{"@type":"SearchAction","target":{"@type":"EntryPoint","urlTemplate":"https:\/\/v-skin.pet\/es\/?s={search_term_string}"},"query-input":{"@type":"PropertyValueSpecification","valueRequired":true,"valueName":"search_term_string"}}],"inLanguage":"es"}]}},"_links":{"self":[{"href":"https:\/\/v-skin.pet\/es\/wp-json\/wp\/v2\/pages\/4491","targetHints":{"allow":["GET"]}}],"collection":[{"href":"https:\/\/v-skin.pet\/es\/wp-json\/wp\/v2\/pages"}],"about":[{"href":"https:\/\/v-skin.pet\/es\/wp-json\/wp\/v2\/types\/page"}],"author":[{"embeddable":true,"href":"https:\/\/v-skin.pet\/es\/wp-json\/wp\/v2\/users\/1"}],"replies":[{"embeddable":true,"href":"https:\/\/v-skin.pet\/es\/wp-json\/wp\/v2\/comments?post=4491"}],"version-history":[{"count":4,"href":"https:\/\/v-skin.pet\/es\/wp-json\/wp\/v2\/pages\/4491\/revisions"}],"predecessor-version":[{"id":4502,"href":"https:\/\/v-skin.pet\/es\/wp-json\/wp\/v2\/pages\/4491\/revisions\/4502"}],"wp:attachment":[{"href":"https:\/\/v-skin.pet\/es\/wp-json\/wp\/v2\/media?parent=4491"}],"curies":[{"name":"wp","href":"https:\/\/api.w.org\/{rel}","templated":true}]}}